{"id":39,"date":"2022-04-30T14:22:38","date_gmt":"2022-04-30T14:22:38","guid":{"rendered":"https:\/\/oportohappydays.pt\/fr\/services\/"},"modified":"2023-02-11T15:52:37","modified_gmt":"2023-02-11T15:52:37","slug":"services","status":"publish","type":"page","link":"https:\/\/oportohappydays.pt\/fr\/services\/","title":{"rendered":"Services"},"content":{"rendered":"\n\n\n<p>Un s\u00e9jour \u00e0 la mesure de votre r\u00eave.<\/p>\n\n\n\n\n<h2>Nos Services<\/h2><h2><\/h2>\n\n\n\n\n\n\n\n\n\n\n\n\n\n\n\n\n\n\n\n\n\n\n\n\n\n\n\n\n\n\n\n<h2>Demander un devis personnalis\u00e9!<\/h2>\n{\u00ab\u00a0title\u00a0\u00bb:\u00a0\u00bb\u00a0\u00bb,\u00a0\u00bbtemplate_id\u00a0\u00bb:\u00a0\u00bb231&Prime;}\n\n\n\n\n\n\n\n<h2>Profitez<\/h2>\n<h4>De votre prochain<br><\/h4>\n\n<h1>Voyage<\/h1>\n<h1>A PORTO<br><\/h1>\n\n\n\n<p>Tourisme ax\u00e9 sur la gastronomie locale et l&rsquo;\u0153nologie<br><br><\/p>\n<p>Enterrement de vie de gar\u00e7on \/ Enterrement de vie de jeune fille \/ F\u00eate d&rsquo;anniversaire \/ Divorce<\/p>\n\n\n","protected":false},"excerpt":{"rendered":"","protected":false},"author":1,"featured_media":0,"parent":0,"menu_order":0,"comment_status":"closed","ping_status":"closed","template":"","meta":{"pagelayer_contact_templates":[],"_pagelayer_content":"","footnotes":""},"class_list":["post-39","page","type-page","status-publish","hentry"],"_links":{"self":[{"href":"https:\/\/oportohappydays.pt\/fr\/wp-json\/wp\/v2\/pages\/39","targetHints":{"allow":["GET"]}}],"collection":[{"href":"https:\/\/oportohappydays.pt\/fr\/wp-json\/wp\/v2\/pages"}],"about":[{"href":"https:\/\/oportohappydays.pt\/fr\/wp-json\/wp\/v2\/types\/page"}],"author":[{"embeddable":true,"href":"https:\/\/oportohappydays.pt\/fr\/wp-json\/wp\/v2\/users\/1"}],"replies":[{"embeddable":true,"href":"https:\/\/oportohappydays.pt\/fr\/wp-json\/wp\/v2\/comments?post=39"}],"version-history":[{"count":37,"href":"https:\/\/oportohappydays.pt\/fr\/wp-json\/wp\/v2\/pages\/39\/revisions"}],"predecessor-version":[{"id":913,"href":"https:\/\/oportohappydays.pt\/fr\/wp-json\/wp\/v2\/pages\/39\/revisions\/913"}],"wp:attachment":[{"href":"https:\/\/oportohappydays.pt\/fr\/wp-json\/wp\/v2\/media?parent=39"}],"curies":[{"name":"wp","href":"https:\/\/api.w.org\/{rel}","templated":true}]}}